{"id":410,"date":"2020-06-02T15:50:21","date_gmt":"2020-06-02T15:50:21","guid":{"rendered":"http:\/\/norgascontrols.wpengine.com\/?page_id=410"},"modified":"2025-12-29T13:51:47","modified_gmt":"2025-12-29T13:51:47","slug":"acceuil","status":"publish","type":"page","link":"https:\/\/norgascontrols.com\/fr\/","title":{"rendered":"Accueil"},"content":{"rendered":"<div class=\"wpb-content-wrapper\">[vc_row full_width=\u00a0\u00bbstretch_row\u00a0\u00bb content_placement=\u00a0\u00bbmiddle\u00a0\u00bb min_height=\u00a0\u00bb668px\u00a0\u00bb css=\u00a0\u00bb.vc_custom_1729850960108{background-image: url(https:\/\/norgascontrols.com\/wp-content\/uploads\/2020\/10\/Norgas-Banner-Homepage-final-2.jpg?id=1530) !important;}\u00a0\u00bb][vc_column][vc_column_text css=\u00a0\u00bb\u00a0\u00bb]\n<h3 class=\"slide-heading\">R\u00c9gulateurs,<br \/>\ncompteurs et vannes<\/h3>\n<h5 class=\"slide-text\" style=\"text-align: left; line-height: 25px; letter-spacing: 0px; font-weight: 400; margin-bottom: 20px; margin-top: 30px;\" data-stylerecorder=\"true\">Trouvez le produit parfait au bon prix pour votre<br \/>\napplication avec l\u2019aide de nos experts<\/h5>\n<p><a class=\"cat-button\" href=\"https:\/\/norgascontrols.com\/fr\/produits\/\">En savoir plus sur Norgas<\/a>[\/vc_column_text][\/vc_column][\/vc_row][vc_row css=\u00a0\u00bb.vc_custom_1603461301376{padding-top: 40px !important;}\u00a0\u00bb][vc_column][vc_column_text]\n<h1 style=\"text-align: left;\">R\u00e9gulateurs pour gaz naturel, compteurs de gaz, compteurs d\u2019eau et vannes<\/h1>\n<p style=\"text-align: left;\">Norgas Controls fournit des r\u00e9gulateurs pour gaz naturel, des compteurs de gaz et des vannes pour le gaz naturel, le propane, les gaz comprim\u00e9s et corrosifs \u00e0 travers le Canada. Nous offrons \u00e9galement une vari\u00e9t\u00e9 de compteurs d&rsquo;eau qui peuvent \u00eatre utilis\u00e9s dans de nombreuses applications de sous-comptage.<\/p>\n<p style=\"text-align: left;\">Notre connaissance des produits, notre expertise et notre support technique de classe mondiale vous aident \u00e0 trouver la solution parfaite pour votre application sp\u00e9cifique. Nos produits qui sont approuv\u00e9s par la CSA, l&rsquo;ULc et ANSI incluent les r\u00e9gulateurs de gaz naturel et de propane, les compteurs de d\u00e9bit de gaz et d\u2019eau, les vannes et les contr\u00f4les. Depuis 1984, nous sommes fiers de vous offrir des prix vous permettant de rendre votre entreprise plus profitable.<\/p>\n<p>Nous sommes fiers de notre vaste inventaire et de pouvoir faire la livraison rapidement dans toutes les provinces du Canada. Norgas est pr\u00eat et disponible pour r\u00e9pondre \u00e0 votre demande quelques soient vos exigences. Aucun autre fournisseur ne peut vous offrir la gamme compl\u00e8te de <a href=\"https:\/\/norgascontrols.com\/fr\/produits\/regulateurs-de-gaz\/\">r\u00e9gulateurs de gaz<\/a>, de <a href=\"https:\/\/norgascontrols.com\/fr\/produits\/vannes-de-regulation\/\">vannes de r\u00e9gulation<\/a>, de <a href=\"https:\/\/norgascontrols.com\/fr\/produits\/compteurs\/\">compteurs de gaz<\/a> et de <a href=\"\/fr\/produits\/compteurs-deau\/\">compteurs d\u2019eau<\/a> que Norgas Controls a de disponibles et pr\u00eats \u00e0 livrer.[\/vc_column_text][\/vc_column][\/vc_row][vc_row full_width=\u00a0\u00bbstretch_row\u00a0\u00bb css=\u00a0\u00bb.vc_custom_1591124705744{padding-top: 40px !important;padding-bottom: 40px !important;background-image: url(http:\/\/norgascontrols.com\/wp-content\/uploads\/2020\/06\/bg-image.png?id=447) !important;}\u00a0\u00bb][vc_column][vc_column_text]\n<h2><b>Nos produits<\/b><\/h2>\n[\/vc_column_text][vc_row_inner][vc_column_inner width=\u00a0\u00bb1\/4&Prime;]<div class=\"vcex-image vcex-module vcex-clr\"><span class=\"vcex-image-inner\"><a href=\"\/fr\/produits\/regulateurs-de-gaz\/\"><img decoding=\"async\" src=\"https:\/\/norgascontrols.com\/wp-content\/uploads\/2020\/06\/Regulatores.jpg\" alt=\"Natural Gas Regulators\" data-no-retina width=\"1000\" height=\"667\" \/><\/a><\/span><\/div>[vc_column_text css=\u00a0\u00bb.vc_custom_1602001099212{margin-top: 20px !important;}\u00a0\u00bb]\n<p style=\"text-align: center;\"><a class=\"button-link\" href=\"\/fr\/produits\/regulateurs-de-gaz\/\">R\u00e9gulateurs de gaz <i class=\"vc_btn3-icon fa fa-long-arrow-right\"><\/i> <\/a><\/p>\n[\/vc_column_text][\/vc_column_inner][vc_column_inner width=\u00a0\u00bb1\/4&Prime;]<div class=\"vcex-image vcex-module vcex-clr\"><span class=\"vcex-image-inner\"><a href=\"\/fr\/produits\/compteurs\/\"><img decoding=\"async\" src=\"https:\/\/norgascontrols.com\/wp-content\/uploads\/2020\/06\/Meters.jpg\" alt=\"Natural Gas Meters\" data-no-retina width=\"1000\" height=\"667\" \/><\/a><\/span><\/div>[vc_column_text css=\u00a0\u00bb.vc_custom_1605279036341{margin-top: 20px !important;}\u00a0\u00bb]\n<p style=\"text-align: center;\"><a class=\"button-link\" href=\"\/fr\/produits\/compteurs\/\">Compteurs <i class=\"vc_btn3-icon fa fa-long-arrow-right\"><\/i> <\/a><\/p>\n[\/vc_column_text][\/vc_column_inner][vc_column_inner width=\u00a0\u00bb1\/4&Prime;]<div class=\"vcex-image vcex-module vcex-clr\"><span class=\"vcex-image-inner\"><a href=\"\/fr\/produits\/vannes-de-regulation\/\"><img decoding=\"async\" src=\"https:\/\/norgascontrols.com\/wp-content\/uploads\/2020\/06\/Valves.jpg\" alt=\"Gas Valves\" data-no-retina width=\"1000\" height=\"667\" \/><\/a><\/span><\/div>[vc_column_text css=\u00a0\u00bb.vc_custom_1602001283253{margin-top: 20px !important;}\u00a0\u00bb]\n<p style=\"text-align: center;\"><a class=\"button-link\" href=\"\/fr\/produits\/vannes-de-regulation\/\">Vannes <i class=\"vc_btn3-icon fa fa-long-arrow-right\"><\/i> <\/a><\/p>\n[\/vc_column_text][\/vc_column_inner][vc_column_inner width=\u00a0\u00bb1\/4&Prime;]<div class=\"vcex-image vcex-module vcex-clr\"><span class=\"vcex-image-inner\"><a href=\"\/fr\/produits\/accessoires-fr\/\"><img decoding=\"async\" src=\"https:\/\/norgascontrols.com\/wp-content\/uploads\/2020\/06\/Accessories.jpg\" alt=\"Accessories\" data-no-retina width=\"1000\" height=\"669\" \/><\/a><\/span><\/div>[vc_column_text css=\u00a0\u00bb.vc_custom_1602001329404{margin-top: 20px !important;}\u00a0\u00bb]\n<p style=\"text-align: center;\"><a class=\"button-link\" href=\"\/fr\/produits\/accessoires-fr\/\">Accessoires <i class=\"vc_btn3-icon fa fa-long-arrow-right\"><\/i> <\/a><\/p>\n[\/vc_column_text][\/vc_column_inner][\/vc_row_inner][\/vc_column][\/vc_row][vc_row full_width=\u00a0\u00bbstretch_row\u00a0\u00bb wpex_bg_position=\u00a0\u00bbcenter center\u00a0\u00bb visibility=\u00a0\u00bbhidden-tablet\u00a0\u00bb css=\u00a0\u00bb.vc_custom_1626962741818{margin-top: 60px !important;margin-bottom: 60px !important;}\u00a0\u00bb][vc_column width=\u00a0\u00bb1\/2&Prime; css=\u00a0\u00bb.vc_custom_1626965040173{margin-top: 0px !important;margin-right: 0px !important;margin-bottom: 0px !important;margin-left: 0px !important;padding-top: 30px !important;padding-right: 30px !important;padding-bottom: 30px !important;padding-left: 30px !important;background: #1f2b7f url(https:\/\/norgascontrols.com\/wp-content\/uploads\/2021\/07\/water-meter-home-page-panel.jpg?id=1678) !important;background-position: 0 0 !important;background-repeat: no-repeat !important;}\u00a0\u00bb][vc_raw_html]JTNDaDIlMjBjbGFzcyUzRCUyMmluc3RvY2slMjIlM0VEJUMzJUE5Y291dnJleiUyMG5vcyUyMG5vdXZlYXV4JTIwY29tcHRldXJzJTIwZCUyN2VhdSUzQyUyRmgyJTNFJTBBJTBBJTNDcCUyMGNsYXNzJTNEJTIycGFyYTIlMjIlM0VOb3JnYXMlMjBlc3QlMjBmaSVDMyVBOHJlJTIwZGUlMjB2b3VzJTIwaW5mb3JtZXIlMjBkZSUyMGwlMjdham91dCUyMHIlQzMlQTljZW50JTIwZGUlMjBjb21wdGV1cnMlMjBkJTI3ZWF1JTIwJUMzJUEwJTIwc2ElMjBnYW1tZSUyMGRlJTIwcHJvZHVpdHMuJTIwTm91cyUyMHByb3Bvc29ucyUyMGRlcyUyMGNvbXB0ZXVycyUyMGQlMjdlYXUlMjBtJUMzJUE5Y2FuaXF1ZXMlMjBldCUyMCVDMyVBMCUyMHVsdHJhc29ucyUyMHBvdXIlMjBsZXMlMjBhcHBsaWNhdGlvbnMlMjBkZSUyMHNvdXMtY29tcHRhZ2UlMjBjb21tZXJjaWFsZXMlMkMlMjByJUMzJUE5c2lkZW50aWVsbGVzJTIwZXQlMjBpbmR1c3RyaWVsbGVzJTJDJTIwYWluc2klMjBxdWUlMjBwbHVzaWV1cnMlMjBhY2Nlc3NvaXJlcyUyMHBvdXIlMjBjb21wdGV1cnMlMjBkJTI3ZWF1LiUzQyUyRnAlM0UlMEElM0NhJTIwaHJlZiUzRCUyMiUyRmZyJTJGcHJvZHVpdHMlMkZjb21wdGV1cnMtZGVhdSUyRiUyMiUyMGNsYXNzJTNEJTIybWVudS1idXR0b24xJTIyJTNFVm9pciUyMG5vcyUyMGNvbXB0ZXVycyUyMGQlMjdlYXUlMEElM0MlMkZhJTNFJTBB[\/vc_raw_html][\/vc_column][vc_column width=\u00a0\u00bb1\/2&Prime;][vc_single_image image=\u00a0\u00bb1681&Prime; alignment=\u00a0\u00bbleft\u00a0\u00bb][\/vc_column][\/vc_row][vc_row full_width=\u00a0\u00bbstretch_row\u00a0\u00bb css=\u00a0\u00bb.vc_custom_1599750632842{margin-top: 0px !important;margin-bottom: 0px !important;padding-top: 80px !important;padding-bottom: 80px !important;background-image: url(http:\/\/norgascontrols.com\/wp-content\/uploads\/2020\/06\/Norgas-in-stock-and-ready-to-ship-BACKGROUND.jpg?id=496) !important;}\u00a0\u00bb wpex_bg_position=\u00a0\u00bbcenter center\u00a0\u00bb visibility=\u00a0\u00bbhidden-tablet\u00a0\u00bb][vc_column width=\u00a0\u00bb1\/2&Prime; css=\u00a0\u00bb.vc_custom_1590506360263{margin-top: 0px !important;margin-bottom: 0px !important;padding-right: 0px !important;padding-left: 0px !important;}\u00a0\u00bb][vc_single_image image=\u00a0\u00bb1532&Prime; alignment=\u00a0\u00bbright\u00a0\u00bb][\/vc_column][vc_column width=\u00a0\u00bb1\/2&Prime; css=\u00a0\u00bb.vc_custom_1631214781378{margin-right: 0px !important;margin-left: 0px !important;padding-top: 90px !important;padding-bottom: 111px !important;padding-left: 40px !important;background-color: #1c2774 !important;}\u00a0\u00bb el_class=\u00a0\u00bbblue-bg\u00a0\u00bb][vc_raw_html]JTNDaDIlMjBjbGFzcyUzRCUyMmluc3RvY2slMjIlM0VFbiUyMHN0b2NrJTIwZXQlMjBwciVDMyVBQXQlMjBwb3VyJTNDYnIlMkYlM0UlMEFsJUUyJTgwJTk5ZXhwJUMzJUE5ZGl0aW9uJTIxJTNDJTJGaDIlM0UlMEElMEElM0NwJTIwY2xhc3MlM0QlMjJwYXJhMSUyMiUzRVBsdXMlMjBiZXNvaW4lMjBkZSUyMGdhcmRlciUyMHRvdXQlMjBlbiUyMHN0b2NrLiUyME5vdHJlJTNDYnIlMkYlM0UlMEF2YXN0ZSUyMGludmVudGFpcmUlMjBlc3QlMjBtaXMlMjAlQzMlQTAlMjB2b3RyZSUyMGRpc3Bvc2l0aW9uJTIxJTNDJTJGcCUzRSUwQSUwQSUzQ3AlMjBjbGFzcyUzRCUyMnBhcmEyJTIyJTNFTm91cyUyMGV4cCVDMyVBOWRpb25zJTIwcGFydG91dCUyMGF1JTIwQ2FuYWRhJTIwZXQlMjBub3RyZSUyMHZhc3RlJTIwaW52ZW50YWlyZSUyMHNpZ25pZmllJTIwdW4lMjBkJUMzJUE5bGFpJTIwZCUyN2V4JUMzJUE5Y3V0aW9uJTIwcmFwaWRlJTIwcG91ciUyMGxhJTIwZ3JhbmRlJTIwbWFqb3JpdCVDMyVBOSUyMGRlJTIwbm9zJTIwcHJvZHVpdHMuJTNDJTJGcCUzRQ==[\/vc_raw_html][\/vc_column][\/vc_row][vc_row full_width=\u00a0\u00bbstretch_row\u00a0\u00bb css=\u00a0\u00bb.vc_custom_1599750945945{margin-top: 0px !important;margin-bottom: 0px !important;padding-top: 80px !important;padding-bottom: 80px !important;background-image: url(http:\/\/norgascontrols.com\/wp-content\/uploads\/2020\/06\/Norgas-in-stock-and-ready-to-ship-BACKGROUND.jpg?id=496) !important;}\u00a0\u00bb wpex_bg_position=\u00a0\u00bbcenter center\u00a0\u00bb visibility=\u00a0\u00bbvisible-tablet\u00a0\u00bb][vc_column css=\u00a0\u00bb.vc_custom_1599750929837{margin-top: 0px !important;margin-bottom: 0px !important;padding-right: 0px !important;padding-left: 0px !important;}\u00a0\u00bb el_class=\u00a0\u00bbimg100&Prime;][vc_raw_html css=\u00a0\u00bb.vc_custom_1603459440162{padding-bottom: 40px !important;}\u00a0\u00bb]JTNDaW1nJTIwY2xhc3MlM0QlMjJpbWcxMDAlMjIlMjBzcmMlM0QlMjIlMkZ3cC1jb250ZW50JTJGdXBsb2FkcyUyRjIwMjAlMkYxMCUyRk5vcmdhcy1pbi1zdG9jay1hbmQtcmVhZHktdG8tc2hpcC1GSU5BTC5qcGclMjIlMjBhbHQlM0QlMjJOb3JnYXMlMjBDb250cm9scyUyMEluJTIwU3RvY2slMjBhbmQlMjBSZWFkeSUyMHRvJTIwU2hpcCUyMiUzRQ==[\/vc_raw_html][vc_raw_html css=\u00a0\u00bb.vc_custom_1602000567786{padding-top: 40px !important;padding-right: 40px !important;padding-bottom: 40px !important;padding-left: 40px !important;background-color: #1f2b7f !important;}\u00a0\u00bb]JTNDaDIlMjBjbGFzcyUzRCUyMmluc3RvY2slMjIlM0VFbiUyMHN0b2NrJTIwZXQlMjBwciVDMyVBQXQlMjBwb3VyJTNDYnIlMkYlM0UlMEFsJUUyJTgwJTk5ZXhwJUMzJUE5ZGl0aW9uJTIxJTNDJTJGaDIlM0UlMEElMEElM0NwJTIwY2xhc3MlM0QlMjJwYXJhMSUyMiUzRVBsdXMlMjBiZXNvaW4lMjBkZSUyMGdhcmRlciUyMHRvdXQlMjBlbiUyMHN0b2NrLiUyME5vdHJlJTIwdmFzdGUlM0NiciUyRiUzRSUwQWludmVudGFpcmUlMjBlc3QlMjBtaXMlMjAlQzMlQTAlMjB2b3RyZSUyMGRpc3Bvc2l0aW9uJTIxJTNDJTJGcCUzRSUwQSUwQSUzQ3AlMjBjbGFzcyUzRCUyMnBhcmExJTIyJTNFTm91cyUyMGV4cCVDMyVBOWRpb25zJTIwcGFydG91dCUyMGF1JTIwQ2FuYWRhJTIwZXQlMjBub3RyZSUyMHZhc3RlJTIwaW52ZW50YWlyZSUyMHNpZ25pZmllJTIwdW4lMjBkJUMzJUE5bGFpJTIwZCUyN2V4JUMzJUE5Y3V0aW9uJTIwcmFwaWRlJTIwcG91ciUyMGxhJTIwZ3JhbmRlJTIwbWFqb3JpdCVDMyVBOSUyMGRlJTIwbm9zJTIwcHJvZHVpdHMuJTNDJTJGcCUzRQ==[\/vc_raw_html][\/vc_column][\/vc_row][vc_row css=\u00a0\u00bb.vc_custom_1603461214984{padding-top: 40px !important;}\u00a0\u00bb][vc_column width=\u00a0\u00bb1\/3&Prime;][vc_single_image image=\u00a0\u00bb1479&Prime; alignment=\u00a0\u00bbcenter\u00a0\u00bb][vc_column_text]\n<h3 style=\"text-align: center;\"><b>Expertise en r\u00e9gulation<\/b><\/h3>\n<p style=\"text-align: justify;\"><span style=\"font-weight: 400;\">Norgas Controls offre des r\u00e9gulateurs pour presque toutes les applications. Nos produits ont un classement de pression de 1\/2 \u00e0 6000 PSI et peuvent traiter les gaz naturel, propane, comprim\u00e9 et corrosif.<\/span><\/p>\n<p style=\"text-align: right;\"><strong><a class=\"button-link-1st\" href=\"\/fr\/produits\/regulateurs-de-gaz\/\">EN SAVOIR PLUS SUR LA R\u00c9GULATION\u00a0<i class=\"vc_btn3-icon fa fa-long-arrow-right\"><\/i><\/a><\/strong><\/p>\n[\/vc_column_text][\/vc_column][vc_column width=\u00a0\u00bb1\/3&Prime;][vc_single_image image=\u00a0\u00bb1481&Prime; alignment=\u00a0\u00bbcenter\u00a0\u00bb][vc_column_text]\n<h3 style=\"text-align: center;\"><b>Expertise en mesure<\/b><\/h3>\n<p style=\"text-align: justify;\"><span style=\"font-weight: 400;\">Pour les gros ou petits appareils ou pipelines, nous avons un compteur pour vous. Nous avons des produits disponibles avec un classement de 5 \u00e0 175 PSI qui peuvent traiter les gaz naturel, propane et comprim\u00e9 ainsi que l&rsquo;eau.<\/span><\/p>\n<p style=\"text-align: right;\"><strong><a class=\"button-link-1st\" href=\"https:\/\/norgascontrols.com\/fr\/produits\/compteurs\/\">EN SAVOIR PLUS SUR LES COMPTEURS\u00a0<i class=\"vc_btn3-icon fa fa-long-arrow-right\"><\/i><\/a><\/strong><\/p>\n[\/vc_column_text][\/vc_column][vc_column width=\u00a0\u00bb1\/3&Prime;][vc_single_image image=\u00a0\u00bb1483&Prime; alignment=\u00a0\u00bbcenter\u00a0\u00bb][vc_column_text]\n<h3 style=\"text-align: center;\"><b>Savoir-faire en vannes<\/b><\/h3>\n<p style=\"text-align: justify;\"><span style=\"font-weight: 400;\">Norgas Control poss\u00e8de la vanne dont vous avez besoin avec un classement de pression de 1\/2 \u00e0 2000 PSI pour les gaz naturel, propane, comprim\u00e9, corrosif ainsi que pour les liquides inflammables.<\/span><\/p>\n<p style=\"text-align: right;\"><strong><a class=\"button-link-1st\" href=\"\/fr\/produits\/vannes-de-regulation\/\">EN SAVOIR PLUS SUR LES VANNES\u00a0<i class=\"vc_btn3-icon fa fa-long-arrow-right\"><\/i><\/a><\/strong><\/p>\n[\/vc_column_text][\/vc_column][\/vc_row][vc_row content_placement=\u00a0\u00bbmiddle\u00a0\u00bb equal_height=\u00a0\u00bbyes\u00a0\u00bb][vc_column width=\u00a0\u00bb1\/3&Prime;][vc_single_image image=\u00a0\u00bb1612&Prime; alignment=\u00a0\u00bbleft\u00a0\u00bb][\/vc_column][vc_column width=\u00a0\u00bb2\/3&Prime;][vc_column_text]\n<h2><b>Partout au Canada<\/b><\/h2>\n<p>Peu importe o\u00f9 vous \u00eates au Canada, Norgas Controls peut vous procurer les produits de r\u00e9gulation, de mesure et les vannes n\u00e9cessaires quand vous en avez besoin. Nous offrons en inventaire toute une s\u00e9lection de produits pour le gaz naturel, le propane, les gaz comprim\u00e9s, les gaz corrosifs et l\u2019eau et en faisons la livraison dans toutes les provinces en un temps record.[\/vc_column_text][\/vc_column][\/vc_row][vc_row content_placement=\u00a0\u00bbmiddle\u00a0\u00bb equal_height=\u00a0\u00bbyes\u00a0\u00bb][vc_column width=\u00a0\u00bb2\/3&Prime;][vc_column_text]\n<h2><b>Un soutien o\u00f9 que vous soyez<\/b><\/h2>\n<p><span style=\"font-weight: 400;\">Avec Norgas Controls, vous profitez de notre expertise et obtenez le meilleur soutien n\u2019importe o\u00f9. Nous travaillons avec des repr\u00e9sentants techniques depuis plus de 60 ann\u00e9es d\u2019exp\u00e9rience combin\u00e9es dans ce domaine et nous serons en mesure de vous aider \u00e0 choisir le bon produit pour la bonne application.<\/span><br \/>\n<a href=\"http:\/\/norgascontrols.com\/fr\/soutien\/\">En savoir plus sur notre service de soutien<\/a>[\/vc_column_text][\/vc_column][vc_column width=\u00a0\u00bb1\/3&Prime;][vc_single_image image=\u00a0\u00bb759&Prime; alignment=\u00a0\u00bbleft\u00a0\u00bb][\/vc_column][\/vc_row][vc_row content_placement=\u00a0\u00bbmiddle\u00a0\u00bb css=\u00a0\u00bb.vc_custom_1751625554893{margin-top: 40px !important;margin-bottom: 0px !important;}\u00a0\u00bb][vc_column width=\u00a0\u00bb1\/4&Prime;][vc_column_text css=\u00a0\u00bb\u00a0\u00bb]\n<h2 style=\"margin-top: 0px !important;\">QUESTIONS?<\/h2>\n[\/vc_column_text][\/vc_column][vc_column width=\u00a0\u00bb3\/4&Prime;][vc_column_text css_animation=\u00a0\u00bbnone\u00a0\u00bb css=\u00a0\u00bb.vc_custom_1751625564730{margin-top: 40px !important;margin-bottom: 40px !important;}\u00a0\u00bb]<span style=\"font-weight: 400;\">Notre \u00e9quipe de soutien est \u00e0 votre disposition pour r\u00e9pondre \u00e0 toutes les questions que vous pourriez avoir sur les <a href=\"http:\/\/norgascontrols.com\/fr\/produits\/regulateurs-de-gaz\/\">r\u00e9gulateurs de gaz naturel<\/a>, les <a href=\"http:\/\/norgascontrols.com\/fr\/produits\/compteurs\/\">compteurs<\/a> ou les <a href=\"http:\/\/norgascontrols.com\/fr\/produits\/vannes-de-regulation\/\">vannes <\/a>ainsi que sur les <a href=\"\/fr\/produits\/compteurs-deau\/\">compteurs d\u2019eau<\/a><\/span><span style=\"font-weight: 400;\">. N&rsquo;h\u00e9sitez pas \u00e0 <\/span><a href=\"http:\/\/norgascontrols.com\/fr\/joindre\/\">nous contacter<\/a>,<span style=\"font-weight: 400;\"> nous serons heureux de vous aider!<\/span>[\/vc_column_text][\/vc_column][\/vc_row][vc_row css=\u00a0\u00bb.vc_custom_1601577514158{margin-bottom: 40px !important;}\u00a0\u00bb][vc_column][vc_column_text]\n<h2>Nos fabricants<\/h2>\n[\/vc_column_text]<div id=\"logo\" class=\"vcex-module wpex-carousel wpex-carousel-images clr owl-carousel arrwstyle-slim arrwpos-abs\" data-items=\"4\" data-slideby=\"12\" data-nav=\"true\" data-dots=\"false\" data-autoplay=\"true\" data-loop=\"true\" data-autoplay-timeout=\"5000\" data-center=\"false\" data-margin=\"15\" data-items-tablet=\"3\" data-items-mobile-landscape=\"2\" data-items-mobile-portrait=\"1\" data-smart-speed=\"600\" data-auto-height=\"false\" data-auto-width=\"false\"><div class=\"wpex-carousel-slide\"><figure class=\"wpex-carousel-entry-media clr\"><a href=\"https:\/\/na.itron.com\/\" class=\"wpex-carousel-entry-img\" target=\"_blank\" rel=\"noopener\"><img decoding=\"async\" width=\"186\" height=\"98\" src=\"https:\/\/norgascontrols.com\/wp-content\/uploads\/2020\/05\/Norgas-Company-Logos-1-ITRON.jpg\" class=\"skip-lazy\" alt=\"Norgas-Company-Logos-1-ITRON\" data-no-lazy=\"1\" \/><\/a><\/figure><\/div><div class=\"wpex-carousel-slide\"><figure class=\"wpex-carousel-entry-media clr\"><a href=\"https:\/\/www.maxitrol.com\/\" class=\"wpex-carousel-entry-img\" target=\"_blank\" rel=\"noopener\"><img decoding=\"async\" width=\"186\" height=\"98\" src=\"https:\/\/norgascontrols.com\/wp-content\/uploads\/2020\/05\/Norgas-Company-Logos-2-MAXITROL.jpg\" class=\"skip-lazy\" alt=\"Norgas-Company-Logos-2-MAXITROL\" data-no-lazy=\"1\" \/><\/a><\/figure><\/div><div class=\"wpex-carousel-slide\"><figure class=\"wpex-carousel-entry-media clr\"><a href=\"https:\/\/www.marshallexcelsior.com\/\" class=\"wpex-carousel-entry-img\" target=\"_blank\" rel=\"noopener\"><img decoding=\"async\" width=\"191\" height=\"98\" src=\"https:\/\/norgascontrols.com\/wp-content\/uploads\/2020\/05\/Norgas-Company-Logos-3-MARSHALL.jpg\" class=\"skip-lazy\" alt=\"Norgas-Company-Logos-3-MARSHALL\" data-no-lazy=\"1\" \/><\/a><\/figure><\/div><div class=\"wpex-carousel-slide\"><figure class=\"wpex-carousel-entry-media clr\"><a href=\"https:\/\/www.rometlimited.com\/\" class=\"wpex-carousel-entry-img\" target=\"_blank\" rel=\"noopener\"><img decoding=\"async\" width=\"186\" height=\"98\" src=\"https:\/\/norgascontrols.com\/wp-content\/uploads\/2020\/05\/Norgas-Company-Logos-4-ROMET.jpg\" class=\"skip-lazy\" alt=\"Norgas-Company-Logos-4-ROMET\" data-no-lazy=\"1\" \/><\/a><\/figure><\/div><div class=\"wpex-carousel-slide\"><figure class=\"wpex-carousel-entry-media clr\"><a href=\"https:\/\/www.hattersley.com\/\" class=\"wpex-carousel-entry-img\" target=\"_blank\" rel=\"noopener\"><img decoding=\"async\" width=\"186\" height=\"98\" src=\"https:\/\/norgascontrols.com\/wp-content\/uploads\/2020\/05\/Norgas-Company-Logos-5-HATTERSLEY.jpg\" class=\"skip-lazy\" alt=\"Norgas-Company-Logos-5-HATTERSLEY\" data-no-lazy=\"1\" \/><\/a><\/figure><\/div><div class=\"wpex-carousel-slide\"><figure class=\"wpex-carousel-entry-media clr\"><img decoding=\"async\" width=\"186\" height=\"98\" src=\"https:\/\/norgascontrols.com\/wp-content\/uploads\/2020\/05\/Norgas-Company-Logos-6-BRYAN-DONKIN.jpg\" class=\"skip-lazy\" alt=\"Norgas-Company-Logos-6-BRYAN-DONKIN\" data-no-lazy=\"1\" \/><\/figure><\/div><div class=\"wpex-carousel-slide\"><figure class=\"wpex-carousel-entry-media clr\"><img decoding=\"async\" width=\"186\" height=\"98\" src=\"https:\/\/norgascontrols.com\/wp-content\/uploads\/2021\/09\/nmt-optimized.jpg\" class=\"skip-lazy\" alt=\"nmt-optimized\" data-no-lazy=\"1\" \/><\/figure><\/div><\/div>[\/vc_column][\/vc_row][vc_row full_width=\u00a0\u00bbstretch_row_content\u00a0\u00bb css=\u00a0\u00bb.vc_custom_1599657791036{padding-top: 40px !important;padding-bottom: 40px !important;background-image: url(http:\/\/norgascontrols.com\/wp-content\/uploads\/2020\/06\/Norgas-TESTIMONIALS.jpg?id=500) !important;}\u00a0\u00bb wpex_bg_position=\u00a0\u00bbcenter center\u00a0\u00bb el_class=\u00a0\u00bbh420&Prime;][vc_column]<div class=\"vcex-module vcex-heading vcex-heading-plain\" style=\"color:#ffffff;font-family:Montserrat;font-size:45px;text-align:center;\"><span class=\"vcex-heading-inner clr\">T\u00e9moignages<\/span><\/div><div class=\"vcex-module wpex-carousel vcex-testimonials-carousel clr owl-carousel arrwstyle-min arrwpos-abs\" data-nav=\"true\" data-dots=\"false\" data-autoplay=\"false\" data-loop=\"true\" data-center=\"false\" data-auto-height=\"false\" data-items=\"1\" data-slideby=\"1\" data-autoplay-timeout=\"5000\" data-margin=\"15\" data-items-tablet=\"1\" data-items-mobile-landscape=\"1\" data-items-mobile-portrait=\"1\" data-smart-speed=\"150\"><div class=\"wpex-carousel-slide\"><div class=\"testimonial-entry post-1286 testimonials type-testimonials status-publish has-post-thumbnail hentry entry has-media\"><div class=\"testimonial-entry-content clr\"><span class=\"testimonial-caret\"><\/span><div class=\"testimonial-entry-details clr\"><p>N\u2019importe qui peut avoir le produit, mais peu nombreux sont les gens comme ceux de l\u2019\u00e9quipe de Norgas qui savent mener l'exp\u00e9rience de service.<\/p>\n<\/div><\/div><div class=\"testimonial-entry-bottom clr\"><div class=\"testimonial-entry-meta\"><span class=\"testimonial-entry-author entry-title\">Independent Mechanical Supply Inc.<\/span><\/div><\/div><\/div><\/div><div class=\"wpex-carousel-slide\"><div class=\"testimonial-entry post-1289 testimonials type-testimonials status-publish hentry entry no-media\"><div class=\"testimonial-entry-content clr\"><span class=\"testimonial-caret\"><\/span><div class=\"testimonial-entry-details clr\"><p>Ils avaient le produit disponible dans n\u2019importe quelle configuration dont j\u2019avais besoin, et la livraison \u00e9tait toujours le lendemain.<\/p>\n<\/div><\/div><div class=\"testimonial-entry-bottom clr\"><div class=\"testimonial-entry-meta\"><span class=\"testimonial-entry-author entry-title\">Marks Supply Inc.<\/span><\/div><\/div><\/div><\/div><div class=\"wpex-carousel-slide\"><div class=\"testimonial-entry post-1290 testimonials type-testimonials status-publish hentry entry no-media\"><div class=\"testimonial-entry-content clr\"><span class=\"testimonial-caret\"><\/span><div class=\"testimonial-entry-details clr\"><p>Je les recommanderais fortement \u00e0 n\u2019importe qui cherchant des r\u00e9gulateurs de gaz et des compteurs.<\/p>\n<\/div><\/div><div class=\"testimonial-entry-bottom clr\"><div class=\"testimonial-entry-meta\"><span class=\"testimonial-entry-author entry-title\">Recon Controls LTD<\/span><\/div><\/div><\/div><\/div><div class=\"wpex-carousel-slide\"><div class=\"testimonial-entry post-1291 testimonials type-testimonials status-publish has-post-thumbnail hentry entry has-media\"><div class=\"testimonial-entry-content clr\"><span class=\"testimonial-caret\"><\/span><div class=\"testimonial-entry-details clr\"><p>Norgas est comp\u00e9tent, avec un personnel excellent, d\u00e9vou\u00e9 et qui \u00e9tait toujours l\u00e0 pour nous.<\/p>\n<\/div><\/div><div class=\"testimonial-entry-bottom clr\"><div class=\"testimonial-entry-meta\"><span class=\"testimonial-entry-author entry-title\">Albert\u2019s Controls LTD<\/span><\/div><\/div><\/div><\/div><div class=\"wpex-carousel-slide\"><div class=\"testimonial-entry post-1292 testimonials type-testimonials status-publish hentry entry no-media\"><div class=\"testimonial-entry-content clr\"><span class=\"testimonial-caret\"><\/span><div class=\"testimonial-entry-details clr\"><p>Quand nous en avons besoin, ils l'ont et offrent le soutien.<br \/>\nN'importe o\u00f9.<\/p>\n<\/div><\/div><div class=\"testimonial-entry-bottom clr\"><div class=\"testimonial-entry-meta\"><span class=\"testimonial-entry-author entry-title\">Noble<\/span><\/div><\/div><\/div><\/div><\/div>[\/vc_column][\/vc_row]\n<\/div>","protected":false},"excerpt":{"rendered":"<p>[vc_row full_width=\u00a0\u00bbstretch_row\u00a0\u00bb content_placement=\u00a0\u00bbmiddle\u00a0\u00bb min_height=\u00a0\u00bb668px\u00a0\u00bb css=\u00a0\u00bb.vc_custom_1729850960108{background-image: url(https:\/\/norgascontrols.com\/wp-content\/uploads\/2020\/10\/Norgas-Banner-Homepage-final-2.jpg?id=1530) !important;}\u00a0\u00bb][vc_column][vc_column_text css=\u00a0\u00bb\u00a0\u00bb] R\u00c9gulateurs, compteurs et vannes Trouvez le produit parfait au bon prix pour votre application avec l\u2019aide de nos experts En savoir plus sur Norgas[\/vc_column_text][\/vc_column][\/vc_row][vc_row css=\u00a0\u00bb.vc_custom_1603461301376{padding-top: 40px !important;}\u00a0\u00bb][vc_column][vc_column_text] R\u00e9gulateurs pour gaz naturel, compteurs&hellip;<\/p>\n","protected":false},"author":2,"featured_media":0,"parent":0,"menu_order":1,"comment_status":"closed","ping_status":"closed","template":"","meta":{"footnotes":""},"class_list":["post-410","page","type-page","status-publish","hentry","entry","no-media"],"_links":{"self":[{"href":"https:\/\/norgascontrols.com\/fr\/wp-json\/wp\/v2\/pages\/410","targetHints":{"allow":["GET"]}}],"collection":[{"href":"https:\/\/norgascontrols.com\/fr\/wp-json\/wp\/v2\/pages"}],"about":[{"href":"https:\/\/norgascontrols.com\/fr\/wp-json\/wp\/v2\/types\/page"}],"author":[{"embeddable":true,"href":"https:\/\/norgascontrols.com\/fr\/wp-json\/wp\/v2\/users\/2"}],"replies":[{"embeddable":true,"href":"https:\/\/norgascontrols.com\/fr\/wp-json\/wp\/v2\/comments?post=410"}],"version-history":[{"count":0,"href":"https:\/\/norgascontrols.com\/fr\/wp-json\/wp\/v2\/pages\/410\/revisions"}],"wp:attachment":[{"href":"https:\/\/norgascontrols.com\/fr\/wp-json\/wp\/v2\/media?parent=410"}],"curies":[{"name":"wp","href":"https:\/\/api.w.org\/{rel}","templated":true}]}}