{"id":411,"date":"2020-06-02T15:50:33","date_gmt":"2020-06-02T15:50:33","guid":{"rendered":"http:\/\/norgascontrols.wpengine.com\/?page_id=411"},"modified":"2022-05-19T12:34:06","modified_gmt":"2022-05-19T12:34:06","slug":"produits","status":"publish","type":"page","link":"https:\/\/norgascontrols.com\/fr\/produits\/","title":{"rendered":"Produits"},"content":{"rendered":"<div class=\"wpb-content-wrapper\">[vc_row][vc_column][vc_column_text]\n<h1 style=\"text-align: center;\"><b>Produits <\/b><\/h1>\n<p><span style=\"font-weight: 400;\">Norgas Controls offre un vaste inventaire de <\/span><a href=\"http:\/\/norgascontrols.com\/fr\/produits\/regulateurs-de-gaz\/\"><span style=\"font-weight: 400;\">r\u00e9gulateurs de gaz<\/span><\/a><span style=\"font-weight: 400;\">, de <\/span><a href=\"http:\/\/norgascontrols.com\/fr\/produits\/compteurs\/\"><span style=\"font-weight: 400;\">compteurs de gaz<\/span><\/a><span style=\"font-weight: 400;\">, de <a href=\"\/fr\/produits\/compteurs-deau\/\">compteurs d&rsquo;eau<\/a>, de <\/span><a href=\"http:\/\/norgascontrols.com\/fr\/produits\/vannes-de-regulation\/\"><span style=\"font-weight: 400;\">vannes<\/span><\/a><span style=\"font-weight: 400;\">\u00a0et <\/span><a href=\"http:\/\/norgascontrols.com\/fr\/produits\/accessoires-fr\/\"><span style=\"font-weight: 400;\">d\u2019accessoires<\/span><\/a><span style=\"font-weight: 400;\"> pour presque toutes les applications que vous pourriez avoir. Notre engagement et notre capacit\u00e9 \u00e0 vous fournir le bon produit pour votre application sont notre sp\u00e9cialit\u00e9. Nous travaillons toujours avec <a href=\"http:\/\/norgascontrols.com\/fr\/fabricants\/\">nos fabricants<\/a> pour am\u00e9liorer et \u00e9largir notre offre de produits pour vous. Notre site Web sera continuellement mis \u00e0 jour lorsque nous aurons de nouveaux produits \u00e0 offrir. Parcourez nos cat\u00e9gories de produits ci-dessous et faites-nous savoir ce dont vous avez besoin. Si vous avez des questions, n\u2019h\u00e9sitez pas \u00e0 <a href=\"http:\/\/norgascontrols.com\/fr\/joindre\/\">nous contacter<\/a>!<\/span>[\/vc_column_text][\/vc_column][\/vc_row][vc_row css_animation=\u00a0\u00bbbounceInDown\u00a0\u00bb full_width=\u00a0\u00bbstretch_row\u00a0\u00bb css=\u00a0\u00bb.vc_custom_1591375396541{padding-top: 40px !important;padding-bottom: 40px !important;background-image: url(http:\/\/norgascontrols.com\/wp-content\/uploads\/2020\/06\/bg-image.png?id=447) !important;}\u00a0\u00bb][vc_column][vc_row_inner][vc_column_inner width=\u00a0\u00bb1\/5&Prime;]<div class=\"vcex-image vcex-module vcex-clr\"><span class=\"vcex-image-inner\"><a href=\"\/fr\/produits\/regulateurs-de-gaz\/\"><img decoding=\"async\" src=\"https:\/\/norgascontrols.com\/wp-content\/uploads\/2020\/06\/Regulatores.jpg\" alt=\"Natural Gas Regulators\" data-no-retina width=\"1000\" height=\"667\" \/><\/a><\/span><\/div>[vc_column_text]\n<p style=\"text-align: center;\"><a class=\"button-link\" href=\"\/fr\/produits\/regulateurs-de-gaz\/\">R\u00e9gulateurs de gaz <i class=\"vc_btn3-icon fa fa-long-arrow-right\"><\/i> <\/a><\/p>\n[\/vc_column_text][\/vc_column_inner][vc_column_inner width=\u00a0\u00bb1\/5&Prime;]<div class=\"vcex-image vcex-module vcex-clr\"><span class=\"vcex-image-inner\"><a href=\"\/fr\/produits\/compteurs\/\"><img decoding=\"async\" src=\"https:\/\/norgascontrols.com\/wp-content\/uploads\/2020\/06\/Meters.jpg\" alt=\"Natural Gas Meters\" data-no-retina width=\"1000\" height=\"667\" \/><\/a><\/span><\/div>[vc_column_text]\n<p style=\"text-align: center;\"><a class=\"button-link\" href=\"\/fr\/produits\/compteurs\/\">Compteurs de gaz\u00a0<i class=\"vc_btn3-icon fa fa-long-arrow-right\"><\/i> <\/a><\/p>\n[\/vc_column_text][\/vc_column_inner][vc_column_inner width=\u00a0\u00bb1\/5&Prime;]<div class=\"vcex-image vcex-module vcex-clr\"><span class=\"vcex-image-inner\"><a href=\"https:\/\/norgascontrols.com\/fr\/produits\/compteurs-deau\/\"><img decoding=\"async\" src=\"https:\/\/norgascontrols.com\/wp-content\/uploads\/2021\/09\/water-meters-product.jpg\" alt=\"Water-meters-product\" data-no-retina width=\"211\" height=\"141\" \/><\/a><\/span><\/div>[vc_column_text]\n<p style=\"text-align: center;\"><a class=\"button-link\" href=\"https:\/\/norgascontrols.com\/fr\/produits\/compteurs-deau\/\">Compteurs d&rsquo;eau\u00a0<i class=\"vc_btn3-icon fa fa-long-arrow-right\"><\/i> <\/a><\/p>\n[\/vc_column_text][\/vc_column_inner][vc_column_inner width=\u00a0\u00bb1\/5&Prime;]<div class=\"vcex-image vcex-module vcex-clr\"><span class=\"vcex-image-inner\"><a href=\"\/fr\/produits\/vannes-de-regulation\/\"><img decoding=\"async\" src=\"https:\/\/norgascontrols.com\/wp-content\/uploads\/2020\/06\/Valves.jpg\" alt=\"Gas Valves\" data-no-retina width=\"1000\" height=\"667\" \/><\/a><\/span><\/div>[vc_column_text]\n<p style=\"text-align: center;\"><a class=\"button-link\" href=\"\/fr\/produits\/vannes-de-regulation\/\">Vannes\u00a0<i class=\"vc_btn3-icon fa fa-long-arrow-right\"><\/i> <\/a><\/p>\n[\/vc_column_text][\/vc_column_inner][vc_column_inner width=\u00a0\u00bb1\/5&Prime;]<div class=\"vcex-image vcex-module vcex-clr\"><span class=\"vcex-image-inner\"><a href=\"\/fr\/produits\/accessoires-fr\/\"><img decoding=\"async\" src=\"https:\/\/norgascontrols.com\/wp-content\/uploads\/2020\/06\/Accessories.jpg\" alt=\"Accessories\" data-no-retina width=\"1000\" height=\"669\" \/><\/a><\/span><\/div>[vc_column_text]\n<p style=\"text-align: center;\"><a class=\"button-link\" href=\"\/fr\/produits\/accessoires-fr\/\">Accessoires <i class=\"vc_btn3-icon fa fa-long-arrow-right\"><\/i> <\/a><\/p>\n[\/vc_column_text][\/vc_column_inner][\/vc_row_inner][\/vc_column][\/vc_row][vc_row css=\u00a0\u00bb.vc_custom_1594203065392{margin-bottom: 0px !important;border-bottom-width: 0px !important;}\u00a0\u00bb el_id=\u00a0\u00bbcallout_sec\u00a0\u00bb][vc_column css=\u00a0\u00bb.vc_custom_1594202784294{margin-bottom: 0px !important;padding-bottom: 0px !important;}\u00a0\u00bb]<div class=\"templatera_shortcode\"><div data-vc-full-width=\"true\" data-vc-full-width-init=\"false\" data-vc-stretch-content=\"true\" class=\"vc_row wpb_row vc_row-fluid vc_custom_1601665776300 vc_row-no-padding wpex-vc-row-stretched\"><div class=\"wpb_column vc_column_container vc_col-sm-6 wpex-vc_col-has-fill\"><div class=\"vc_column-inner vc_custom_1601665855953\"><div class=\"wpb_wrapper\"><a href=\"\/fr\/demande-de-devis\/\" class=\"vcex-button theme-button flat align-right inline spcialbuttonleft animate-on-hover\" style=\"background:#ffffff;padding-top:10px;padding-right:20px;padding-bottom:10px;padding-left:20px;color:#c8151d;font-weight:700;border-radius:20px;margin-top:20px;margin-right:40px;margin-bottom:20px;margin-left:10px;\" data-wpex-hover='{\"background\":\"#1c2774\",\"color\":\"#ffffff\"}'><span class=\"theme-button-inner\">DEMANDER UN DEVIS<\/span><\/a> <\/div><\/div><\/div><div class=\"wpb_column vc_column_container vc_col-sm-6 wpex-vc_col-has-fill\"><div class=\"vc_column-inner vc_custom_1594199200977\"><div class=\"wpb_wrapper\"><a href=\"\/fr\/trouver-un-distributeur\/\" class=\"vcex-button theme-button flat align-left inline spcialbuttonright animate-on-hover\" style=\"background:#ffffff;padding-top:10px;padding-right:20px;padding-bottom:10px;padding-left:20px;color:#1c2774;font-weight:700;border-radius:20px;margin-top:20px;margin-right:10px;margin-bottom:20px;margin-left:40px;\" data-wpex-hover='{\"background\":\"#c8151d\",\"color\":\"#ffffff\"}'><span class=\"theme-button-inner\">TROUVER UN DISTRIBUTEUR<\/span><\/a> <\/div><\/div><\/div><\/div><div class=\"vc_row-full-width vc_clearfix\"><\/div>\r\n<\/div>[\/vc_column][\/vc_row]\n<\/div>","protected":false},"excerpt":{"rendered":"","protected":false},"author":2,"featured_media":0,"parent":0,"menu_order":2,"comment_status":"closed","ping_status":"closed","template":"","meta":{"footnotes":""},"class_list":["post-411","page","type-page","status-publish","hentry","entry","no-media"],"_links":{"self":[{"href":"https:\/\/norgascontrols.com\/fr\/wp-json\/wp\/v2\/pages\/411","targetHints":{"allow":["GET"]}}],"collection":[{"href":"https:\/\/norgascontrols.com\/fr\/wp-json\/wp\/v2\/pages"}],"about":[{"href":"https:\/\/norgascontrols.com\/fr\/wp-json\/wp\/v2\/types\/page"}],"author":[{"embeddable":true,"href":"https:\/\/norgascontrols.com\/fr\/wp-json\/wp\/v2\/users\/2"}],"replies":[{"embeddable":true,"href":"https:\/\/norgascontrols.com\/fr\/wp-json\/wp\/v2\/comments?post=411"}],"version-history":[{"count":0,"href":"https:\/\/norgascontrols.com\/fr\/wp-json\/wp\/v2\/pages\/411\/revisions"}],"wp:attachment":[{"href":"https:\/\/norgascontrols.com\/fr\/wp-json\/wp\/v2\/media?parent=411"}],"curies":[{"name":"wp","href":"https:\/\/api.w.org\/{rel}","templated":true}]}}