{"id":412,"date":"2020-06-02T15:51:44","date_gmt":"2020-06-02T15:51:44","guid":{"rendered":"http:\/\/norgascontrols.wpengine.com\/?page_id=412"},"modified":"2023-05-01T14:28:54","modified_gmt":"2023-05-01T14:28:54","slug":"fabricants","status":"publish","type":"page","link":"https:\/\/norgascontrols.com\/fr\/fabricants\/","title":{"rendered":"Fabricants"},"content":{"rendered":"<div class=\"wpb-content-wrapper\">[vc_row][vc_column][vc_column_text]\n<h1 style=\"text-align: center;\"><span style=\"font-weight: 400;\">Fabricants <\/span><\/h1>\n<p><span style=\"font-weight: 400;\">Norgas Controls est fier de s&rsquo;associer \u00e0 des fabricants de renomm\u00e9e mondiale pour vous fournir des \u00e9quipements de <a href=\"http:\/\/norgascontrols.com\/fr\/produits\/regulateurs-de-gaz\/\">r\u00e9gulation du gaz<\/a> et de <a href=\"http:\/\/norgascontrols.com\/fr\/produits\/compteurs\/\">mesure du gaz<\/a> haut de gamme pour le march\u00e9 canadien. Nous offrons une s\u00e9lection compl\u00e8te de <a href=\"\/fr\/produits\/regulateurs-de-gaz\/\">r\u00e9gulateurs de gaz<\/a>, de <a href=\"\/fr\/produits\/vannes-de-regulation\/\">vannes, <\/a>de <a href=\"https:\/\/norgascontrols.com\/fr\/produits\/compteurs\/\">compteurs<\/a> et de <a href=\"https:\/\/norgascontrols.com\/fr\/produits\/compteurs-deau\/\">compteurs d&rsquo;eau<\/a>\u00a0en stock de ces fabricants pour vous aider \u00e0 trouver les bons produits pour votre projet. Si vous avez des questions, l&rsquo;un de nos experts se fera un plaisir de vous aider. N&rsquo;h\u00e9sitez pas \u00e0 <a href=\"http:\/\/norgascontrols.com\/fr\/joindre\/\">nous contacter<\/a> \u00e0 tout moment pour obtenir de l&rsquo;aide.<\/span>[\/vc_column_text][\/vc_column][\/vc_row][vc_row equal_height=\u00a0\u00bbyes\u00a0\u00bb][vc_column width=\u00a0\u00bb1\/3&Prime;]<div class=\"vcex-image vcex-module vcex-clr textcenter\"><span class=\"vcex-image-inner hvr hvr-grow\"><a href=\"\/fr\/fabricants\/itron\/\"><img decoding=\"async\" src=\"https:\/\/norgascontrols.com\/wp-content\/uploads\/2020\/06\/1-itron.jpg\" alt=\"Itron\" data-no-retina width=\"192\" height=\"142\" \/><\/a><\/span><\/div>[vc_column_text el_class=\u00a0\u00bbmin-height400&Prime;]\n<p style=\"text-align: left;\"><span style=\"font-weight: 400;\">De renomm\u00e9e mondiale, Itron a d\u00e9velopp\u00e9 un portefeuille de produits de qualit\u00e9 et fiables \u00e0 la fine pointe de la mesure et de la d\u00e9tection des services publics.<\/span><\/p>\n<p style=\"text-align: left;\"><span style=\"font-weight: 400;\">La ligne de produits inclut:<\/span><\/p>\n<ul>\n<li style=\"font-weight: 400; text-align: left;\"><span style=\"font-weight: 400;\">R\u00e9gulateurs de ligne et de service CSA pour le gaz\u00a0<\/span><\/li>\n<li style=\"font-weight: 400; text-align: left;\"><span style=\"font-weight: 400;\">R\u00e9gulateurs de service, pilot\u00e9, et \u00e0 action directe pour le gaz\u00a0<\/span><\/li>\n<li style=\"font-weight: 400; text-align: left;\"><span style=\"font-weight: 400;\">Compteurs \u00e0 diaphragme pour le gaz<\/span><\/li>\n<\/ul>\n[\/vc_column_text][vc_column_text el_class=\u00a0\u00bbipadtop\u00a0\u00bb]\n<p style=\"text-align: center;\"><a class=\"ctamanufacture\" href=\"\/fr\/fabricants\/itron\/\">Voir tous les produits de Itron<\/a><\/p>\n[\/vc_column_text][\/vc_column][vc_column width=\u00a0\u00bb1\/3&Prime;]<div class=\"vcex-image vcex-module vcex-clr textcenter\"><span class=\"vcex-image-inner hvr hvr-grow\"><a href=\"\/fr\/fabricants\/maxitrol\/\"><img decoding=\"async\" src=\"https:\/\/norgascontrols.com\/wp-content\/uploads\/2020\/06\/2-maxitrol.jpg\" alt=\"Maxitrol\" data-no-retina width=\"192\" height=\"142\" \/><\/a><\/span><\/div>[vc_column_text el_class=\u00a0\u00bbmin-height400&Prime;]\n<p style=\"text-align: left;\"><span style=\"font-weight: 400;\">Maxitrol est un leader international dans la conception et la fabrication de r\u00e9gulateurs de pression du gaz, de syst\u00e8mes \u00e9lectroniques de modulation du gaz, de filtres \u00e0 gaz et de dispositifs de s\u00e9curit\u00e9 du gaz.<\/span><\/p>\n<p style=\"text-align: left;\"><span style=\"font-weight: 400;\">La ligne de produits inclut:<\/span><\/p>\n<ul>\n<li style=\"font-weight: 400; text-align: left;\"><span style=\"font-weight: 400;\">R\u00e9gulateurs d\u2019appareil et de ligne CSA pour le gaz (avec ou sans \u00e9vent)<\/span><\/li>\n<li style=\"font-weight: 400; text-align: left;\"><span style=\"font-weight: 400;\">Contr\u00f4les et vannes Selectra<\/span><\/li>\n<li style=\"font-weight: 400; text-align: left;\"><span style=\"font-weight: 400;\">Filtres \u00e0 gaz et \u00e0 air <\/span><\/li>\n<\/ul>\n[\/vc_column_text][vc_column_text el_class=\u00a0\u00bbipadtop\u00a0\u00bb]\n<p style=\"text-align: center;\"><a class=\"ctamanufacture\" href=\"\/fr\/fabricants\/maxitrol\/\">Voir tous les produits de Maxitrol<\/a><\/p>\n[\/vc_column_text][\/vc_column][vc_column width=\u00a0\u00bb1\/3&Prime;]<div class=\"vcex-image vcex-module vcex-clr textcenter\"><span class=\"vcex-image-inner hvr hvr-grow\"><a href=\"\/fr\/fabricants\/romet\/\"><img decoding=\"async\" src=\"https:\/\/norgascontrols.com\/wp-content\/uploads\/2020\/06\/4-romet.jpg\" alt=\"Romet\" data-no-retina width=\"192\" height=\"142\" \/><\/a><\/span><\/div>[vc_column_text el_class=\u00a0\u00bbmin-height400&Prime;]\n<p style=\"text-align: left;\"><span style=\"font-weight: 400;\">Romet propose une vaste gamme de produits pour apporter des solutions aux demandes en constante \u00e9volution de l&rsquo;industrie du gaz naturel.<\/span><\/p>\n<p style=\"text-align: left;\"><span style=\"font-weight: 400;\">La ligne de produits inclut:<\/span><\/p>\n<ul>\n<li style=\"text-align: left;\"><span style=\"font-weight: 400;\">Compteurs de gaz rotatifs, m\u00e9caniques et \u00e9lectroniques<\/span><\/li>\n<li style=\"text-align: left;\">Fiches de test et accessoires<\/li>\n<\/ul>\n[\/vc_column_text][vc_column_text el_class=\u00a0\u00bbipadtop\u00a0\u00bb]\n<p style=\"text-align: center;\"><a class=\"ctamanufacture\" href=\"\/fr\/fabricants\/romet\/\">Voir tous les produits de Romet<\/a><\/p>\n[\/vc_column_text][\/vc_column][\/vc_row][vc_row][vc_column width=\u00a0\u00bb1\/3&Prime;]<div class=\"vcex-image vcex-module vcex-clr textcenter\"><span class=\"vcex-image-inner hvr hvr-grow\"><a href=\"\/fr\/fabricants\/nmt-fr\/\"><img decoding=\"async\" src=\"https:\/\/norgascontrols.com\/wp-content\/uploads\/2021\/09\/NMT-logo.jpg\" alt=\"NMT-logo\" data-no-retina width=\"192\" height=\"142\" \/><\/a><\/span><\/div>[vc_column_text el_class=\u00a0\u00bbmin-height400&Prime;]\n<p style=\"text-align: left;\">Norgas Meter Technologies fabrique et distribue des r\u00e9gulateurs de gaz, des compteurs de gaz et des <a href=\"\/fr\/produits\/compteurs-deau\/\">compteurs d&rsquo;eau<\/a> pour de nombreuses applications r\u00e9sidentielles, commerciales et industrielles.<\/p>\n<p style=\"text-align: left;\"><span style=\"font-weight: 400;\">La ligne de produits inclut:<\/span><\/p>\n<ul>\n<li style=\"font-weight: 400; text-align: left;\">R\u00e9gulateurs de gaz de ligne CSA (sans \u00e9vent\/\u00e0 \u00e9vent)<\/li>\n<li style=\"font-weight: 400; text-align: left;\">R\u00e9gulateurs de gaz \u00e0 action directe<\/li>\n<li style=\"font-weight: 400; text-align: left;\">Compteurs de gaz \u00e0 diaphragme et rotatifs<\/li>\n<li style=\"font-weight: 400; text-align: left;\">Compteurs d&rsquo;eau m\u00e9caniques et \u00e0 ultrasons<\/li>\n<\/ul>\n[\/vc_column_text][vc_column_text el_class=\u00a0\u00bbipadtop\u00a0\u00bb css=\u00a0\u00bb.vc_custom_1633535533571{margin-top: 40px !important;}\u00a0\u00bb]\n<p style=\"text-align: center;\"><a class=\"ctamanufacture btn-padd\" href=\"\/fr\/fabricants\/nmt-fr\/\">Voir tous les produits de NMT<\/a><\/p>\n[\/vc_column_text][\/vc_column][vc_column width=\u00a0\u00bb1\/3&Prime;]<div class=\"vcex-image vcex-module vcex-clr textcenter\"><span class=\"vcex-image-inner hvr hvr-grow\"><a href=\"\/fr\/fabricants\/hattersley\/\"><img decoding=\"async\" src=\"https:\/\/norgascontrols.com\/wp-content\/uploads\/2020\/06\/6-hattersley.jpg\" alt=\"Hattersley\" data-no-retina width=\"192\" height=\"142\" \/><\/a><\/span><\/div>[vc_column_text el_class=\u00a0\u00bbmin-height400&Prime;]\n<p style=\"text-align: left;\">Hattersley con\u00e7oit et fabrique une grande vari\u00e9t\u00e9 de valves. Norgas distribue les valves \u00e0 boisseau Milliken pour toute l&rsquo;Am\u00e9rique du Nord.<\/p>\n<p style=\"text-align: left;\"><span style=\"font-weight: 400;\">La ligne de produits inclut:<\/span><\/p>\n<ul>\n<li style=\"text-align: left;\"><span style=\"font-weight: 400;\">Vannes \u00e0 boisseau lubrifi\u00e9e en fonte CSA <\/span><\/li>\n<li style=\"text-align: left;\">Options\/Accessoires: 3-Voie, enveloppes de vapeur, cadenassable pour les vannes et interrupteurs de position<\/li>\n<\/ul>\n[\/vc_column_text][vc_column_text el_class=\u00a0\u00bbipadtop\u00a0\u00bb css=\u00a0\u00bb.vc_custom_1633535537530{margin-top: 40px !important;}\u00a0\u00bb]\n<p style=\"text-align: center;\"><a class=\"ctamanufacture\" href=\"\/fr\/fabricants\/hattersley\/\">Voir tous les produits de Hattersley<\/a><\/p>\n[\/vc_column_text][\/vc_column][vc_column width=\u00a0\u00bb1\/3&Prime;]<div class=\"vcex-image vcex-module vcex-clr textcenter\"><span class=\"vcex-image-inner hvr hvr-grow\"><a href=\"\/fr\/fabricants\/bi-torq\/\"><img decoding=\"async\" src=\"https:\/\/norgascontrols.com\/wp-content\/uploads\/2020\/06\/7-bi-torq.jpg\" alt=\"Bi-torq\" data-no-retina width=\"192\" height=\"142\" \/><\/a><\/span><\/div>[vc_column_text el_class=\u00a0\u00bbmin-height400&Prime;]\n<p style=\"text-align: left;\">Bi-Torq Valve Automation distribue et fabrique des composants d&rsquo;automatisation de vannes pour pratiquement toutes les applications.<\/p>\n<p style=\"text-align: left;\"><span style=\"font-weight: 400;\">La ligne de produits inclut:<\/span><\/p>\n<ul>\n<li style=\"font-weight: 400; text-align: left;\"><span style=\"font-weight: 400;\">Vannes \u00e0 fermeture automatique avec fusible contre le feu approuv\u00e9es FM<\/span><\/li>\n<li style=\"font-weight: 400; text-align: left;\">Vannes \u00e0 billes industrielles\/commerciales et automatis\u00e9es<\/li>\n<\/ul>\n[\/vc_column_text][vc_column_text el_class=\u00a0\u00bbipadtop\u00a0\u00bb css=\u00a0\u00bb.vc_custom_1633535541785{margin-top: 40px !important;}\u00a0\u00bb]\n<p style=\"text-align: center;\"><a class=\"ctamanufacture\" href=\"\/fr\/fabricants\/bi-torq\/\">Voir tous les produits de Bi-Torq<\/a><\/p>\n[\/vc_column_text][\/vc_column][\/vc_row][vc_row][vc_column width=\u00a0\u00bb1\/3&Prime;]<div class=\"vcex-image vcex-module vcex-clr textcenter\"><span class=\"vcex-image-inner hvr hvr-grow\"><a href=\"\/fr\/fabricants\/rub\/\"><img decoding=\"async\" src=\"https:\/\/norgascontrols.com\/wp-content\/uploads\/2020\/06\/9-rub.jpg\" alt=\"Rub\" data-no-retina width=\"192\" height=\"142\" \/><\/a><\/span><\/div>[vc_column_text el_class=\u00a0\u00bbmin-height400&Prime;]\n<p style=\"text-align: left;\"><span style=\"font-weight: 400;\">RuB est un fabricant de vannes d&rsquo;arr\u00eat en laiton qui se concentre sur les vannes \u00e0 bille pour les installations de gaz, d&rsquo;eau, d&rsquo;air et de p\u00e9trole. Leurs produits sont con\u00e7us en tenant compte de crit\u00e8res de long\u00e9vit\u00e9 et de fiabilit\u00e9.<\/span><\/p>\n<p style=\"text-align: left;\"><span style=\"font-weight: 400;\">La ligne de produits inclut:<\/span><\/p>\n<ul>\n<li style=\"text-align: left;\">Vanne \u00e0 bille d&rsquo;appareil, compteur type \u00ab\u00a0lockwing\u00a0\u00bb en laiton CSA\/ULc.<\/li>\n<li style=\"text-align: left;\"><span style=\"font-weight: 400;\">Vannes \u00e0 billes industrielles\/commerciales et automatis\u00e9es<\/span><\/li>\n<\/ul>\n[\/vc_column_text][vc_column_text el_class=\u00a0\u00bbipadtop\u00a0\u00bb]\n<p style=\"text-align: center;\"><a class=\"ctamanufacture\" href=\"\/fr\/fabricants\/rub\/\">Voir tous les produits de RuB<br \/>\n<\/a><\/p>\n[\/vc_column_text][\/vc_column][vc_column width=\u00a0\u00bb1\/3&Prime;]<div class=\"vcex-image vcex-module vcex-clr textcenter\"><span class=\"vcex-image-inner hvr hvr-grow\"><a href=\"\/fr\/fabricants\/pacific-seismic-products\/\"><img decoding=\"async\" src=\"https:\/\/norgascontrols.com\/wp-content\/uploads\/2020\/06\/10-pacific-seismic.jpg\" alt=\"Pacific Seismic\" data-no-retina width=\"192\" height=\"142\" \/><\/a><\/span><\/div>[vc_column_text el_class=\u00a0\u00bbmin-height400&Prime;]\n<p style=\"text-align: left;\"><span style=\"font-weight: 400;\">Pacific Seismic Products est fi\u00e8re de fabriquer les vannes PSP, qui sont la norme de pointe dans le secteur des vannes \u00e0 commande sismique pour les applications r\u00e9sidentielles, commerciales et industrielles.<\/span><\/p>\n<p style=\"text-align: left;\"><span style=\"font-weight: 400;\">La ligne de produits inclut:<\/span><\/p>\n<ul>\n<li style=\"font-weight: 400; text-align: left;\"><span style=\"font-weight: 400;\">Vannes d&rsquo;arr\u00eat automatique de gaz actionn\u00e9es par les tremblements de terre<\/span><\/li>\n<\/ul>\n[\/vc_column_text][vc_column_text el_class=\u00a0\u00bbipadtop\u00a0\u00bb]\n<p style=\"text-align: center;\"><a class=\"ctamanufacture btn-padd\" href=\"\/fr\/fabricants\/pacific-seismic-products\/\">Voir tous les produits de Pacific Seismic<br \/>\n<\/a><\/p>\n[\/vc_column_text][\/vc_column][vc_column width=\u00a0\u00bb1\/3&Prime;]<div class=\"vcex-image vcex-module vcex-clr textcenter\"><span class=\"vcex-image-inner hvr hvr-grow\"><a href=\"\/fr\/fabricants\/climax\/\"><img decoding=\"async\" src=\"https:\/\/norgascontrols.com\/wp-content\/uploads\/2020\/06\/11-climax.jpg\" alt=\"Climax\" data-no-retina width=\"192\" height=\"142\" \/><\/a><\/span><\/div>[vc_column_text el_class=\u00a0\u00bbmin-height400&Prime;]\n<p style=\"text-align: left;\"><span style=\"font-weight: 400;\">Climax fabrique principalement des lubrifiants\/joints d&rsquo;\u00e9tanch\u00e9it\u00e9 synth\u00e9tiques biod\u00e9gradables non dangereux pour les vannes et des \u00e9quipements et accessoires de lubrification des vannes utilis\u00e9s pour l&rsquo;industrie \u00e9nerg\u00e9tique du p\u00e9trole et du gaz.<\/span><\/p>\n<p style=\"text-align: left;\"><span style=\"font-weight: 400;\">La ligne de produits inclut:<\/span><\/p>\n<ul>\n<li style=\"font-weight: 400; text-align: left;\"><span style=\"font-weight: 400;\">Pistolets \u00e0 graisse et accessoires pour l&rsquo;entretien des vannes \u00e0 boisseau lubrifi\u00e9es<\/span><\/li>\n<li style=\"font-weight: 400; text-align: left;\"><span style=\"font-weight: 400;\">Produits scellants et de nettoyage pour vannes \u00e0 boisseau lubrifi\u00e9es<\/span><\/li>\n<\/ul>\n[\/vc_column_text][vc_column_text el_class=\u00a0\u00bbipadtop\u00a0\u00bb]\n<p style=\"text-align: center;\"><a class=\"ctamanufacture\" href=\"\/fr\/fabricants\/climax\/\">Voir tous les produits de Climax<\/a><\/p>\n[\/vc_column_text][\/vc_column][\/vc_row][vc_row equal_height=\u00a0\u00bbyes\u00a0\u00bb][vc_column width=\u00a0\u00bb1\/3&Prime;]<div class=\"vcex-image vcex-module vcex-clr textcenter\"><span class=\"vcex-image-inner hvr hvr-grow\"><a href=\"\/fr\/fabricants\/cvs\/\"><img decoding=\"async\" src=\"https:\/\/norgascontrols.com\/wp-content\/uploads\/2020\/06\/12-cvs.jpg\" alt=\"Cvs\" data-no-retina width=\"192\" height=\"142\" \/><\/a><\/span><\/div>[vc_column_text el_class=\u00a0\u00bbmin-height530&Prime;]\n<p style=\"text-align: left;\"><span style=\"font-weight: 400;\">CVS Controls Ltd est un leader de l\u2019industrie dans la fabrication de vannes de r\u00e9gulation et de produits d&rsquo;instrumentation associ\u00e9s.<\/span><\/p>\n<p style=\"text-align: left;\"><span style=\"font-weight: 400;\">La ligne de produits inclut:<\/span><\/p>\n<ul>\n<li style=\"font-weight: 400; text-align: left;\">R\u00e9gulateurs haute-pression et sp\u00e9cialit\u00e9<\/li>\n<li style=\"font-weight: 400; text-align: left;\"><span style=\"font-weight: 400;\">Vannes de contr\u00f4le et accessoires d&rsquo;automatisation<\/span><\/li>\n<li style=\"font-weight: 400; text-align: left;\">Vannes \u00e0 bille flottantes et mont\u00e9es sur tourillon<\/li>\n<\/ul>\n[\/vc_column_text][vc_column_text el_class=\u00a0\u00bbipadtop\u00a0\u00bb]\n<p style=\"text-align: center;\"><a class=\"ctamanufacture\" href=\"\/fr\/fabricants\/cvs\/\">Voir les produits de CVS Controls<\/a><\/p>\n[\/vc_column_text][\/vc_column][vc_column width=\u00a0\u00bb1\/3&Prime;]<div class=\"vcex-image vcex-module vcex-clr textcenter\"><span class=\"vcex-image-inner hvr hvr-grow\"><a href=\"\/fr\/fabricants\/richards\/\"><img decoding=\"async\" src=\"https:\/\/norgascontrols.com\/wp-content\/uploads\/2020\/06\/13-richards.jpg\" alt=\"Richards\" data-no-retina width=\"192\" height=\"142\" \/><\/a><\/span><\/div>[vc_column_text el_class=\u00a0\u00bbmin-height530&Prime;]\n<p style=\"text-align: left;\"><span style=\"font-weight: 400;\">Richards Manufacturing fournit aux compagnies de gaz naturel une grande vari\u00e9t\u00e9 de raccords et d&rsquo;accessoires de compteurs, d&rsquo;ensembles de collecteurs et de compteurs pr\u00e9fabriqu\u00e9s.<\/span><\/p>\n<p style=\"text-align: left;\"><span style=\"font-weight: 400;\">La ligne de produits inclut:<\/span><\/p>\n<ul>\n<li style=\"font-weight: 400; text-align: left;\"><span style=\"font-weight: 400;\">Pivots, \u00e9crous, rondelles et barres pour compteurs \u00e0 gaz<\/span><\/li>\n<li style=\"font-weight: 400; text-align: left;\"><span style=\"font-weight: 400;\">\u00c9vents de d\u00e9charge de gaz et joints O-ring isolants <\/span><\/li>\n<\/ul>\n[\/vc_column_text][vc_column_text el_class=\u00a0\u00bbipadtop\u00a0\u00bb]\n<p style=\"text-align: center;\"><a class=\"ctamanufacture\" href=\"\/fr\/fabricants\/richards\/\">Voir tous les produits de Richards<\/a><\/p>\n[\/vc_column_text][\/vc_column][vc_column width=\u00a0\u00bb1\/3&Prime;]<div class=\"vcex-image vcex-module vcex-clr textcenter\"><span class=\"vcex-image-inner hvr hvr-grow\"><a href=\"\/fr\/fabricants\/pitanco\/\"><img decoding=\"async\" src=\"https:\/\/norgascontrols.com\/wp-content\/uploads\/2020\/06\/15-pitanco.jpg\" alt=\"Pitanco\" data-no-retina width=\"192\" height=\"142\" \/><\/a><\/span><\/div>[vc_column_text el_class=\u00a0\u00bbmin-height530&Prime;]\n<p style=\"text-align: left;\"><span style=\"font-weight: 400;\">Pitanco Precision est sp\u00e9cialis\u00e9 dans les manom\u00e8tres et les thermom\u00e8tres. Ils fabriquent et distribuent une large gamme de produits fiables pour le march\u00e9 de la pression et de la temp\u00e9rature.<\/span><\/p>\n<p style=\"text-align: left;\"><span style=\"font-weight: 400;\">La ligne de produits inclut:<\/span><\/p>\n<ul>\n<li style=\"font-weight: 400; text-align: left;\"><span style=\"font-weight: 400;\">Manom\u00e8tres ; basse pression, usage g\u00e9n\u00e9ral, industriel, CVC, soudage et kits de test<\/span><\/li>\n<li style=\"font-weight: 400; text-align: left;\"><span style=\"font-weight: 400;\">Thermom\u00e8tres, tridateurs et autres accessoires<\/span><\/li>\n<\/ul>\n[\/vc_column_text][vc_column_text el_class=\u00a0\u00bbipadtop\u00a0\u00bb]\n<p style=\"text-align: center;\"><a class=\"ctamanufacture\" href=\"\/fr\/fabricants\/pitanco\/\">Voir tous les produits de Pitanco<\/a><\/p>\n[\/vc_column_text][\/vc_column][\/vc_row][vc_row][vc_column width=\u00a0\u00bb1\/3&Prime;]<div class=\"vcex-image vcex-module vcex-clr textcenter\"><span class=\"vcex-image-inner hvr hvr-grow\"><a href=\"\/fr\/fabricants\/marshall-excelsior\/\"><img decoding=\"async\" src=\"https:\/\/norgascontrols.com\/wp-content\/uploads\/2020\/06\/3-marshall.jpg\" alt=\"Marshall\" data-no-retina width=\"192\" height=\"142\" \/><\/a><\/span><\/div>[vc_column_text el_class=\u00a0\u00bbmin-height580&Prime;]\n<p style=\"text-align: left;\"><span style=\"font-weight: 400;\">Marshall Excelsior propose une gamme compl\u00e8te de produits qui prennent en charge les applications GPL &amp; NH3 en vrac, le transport, la livraison\/distribution et les applications domestiques.<\/span><\/p>\n<p style=\"text-align: left;\"><span style=\"font-weight: 400;\">La ligne de produits inclut:<\/span><\/p>\n<ul>\n<li style=\"font-weight: 400; text-align: left;\"><span style=\"font-weight: 400;\">R\u00e9gulateurs de propane UL \u00e0 premi\u00e8re, deuxi\u00e8me, double \u00e9tape, \u00e0 changement automatique, \u00e0 une \u00e9tape et \u00e0 haute pression<\/span><\/li>\n<li style=\"font-weight: 400; text-align: left;\"><span style=\"font-weight: 400;\">R\u00e9gulateurs de service, \u00e0 action directe, pilot\u00e9s et haute pression<\/span><\/li>\n<li style=\"font-weight: 400; text-align: left;\"><span style=\"font-weight: 400;\">Vannes de d\u00e9charge et r\u00e9gulateurs \u00e0 contre-pression<\/span><\/li>\n<li style=\"font-weight: 400; text-align: left;\">Globe, angle, contr\u00f4le, tamis, viseur, d\u00e9bit excessif, d\u00e9rivation, aiguille, conteneur et autres types de vannes<\/li>\n<li style=\"font-weight: 400; text-align: left;\">Pigtails, hogtails, accouplements, raccords et autres accessoires<\/li>\n<\/ul>\n[\/vc_column_text][vc_column_text el_class=\u00a0\u00bbipadtop\u00a0\u00bb]\n<p style=\"text-align: center;\"><a class=\"ctamanufacture\" href=\"\/fr\/fabricants\/marshall-excelsior\/\">Produits de Marshall Excelsior<br \/>\n<\/a><\/p>\n[\/vc_column_text][\/vc_column][vc_column width=\u00a0\u00bb1\/3&Prime;]<div class=\"vcex-image vcex-module vcex-clr textcenter\"><span class=\"vcex-image-inner hvr hvr-grow\"><a href=\"https:\/\/norgascontrols.com\/fr\/fabricants\/titan-fr\/\"><img decoding=\"async\" src=\"https:\/\/norgascontrols.com\/wp-content\/uploads\/2020\/10\/titan-manufacturer.jpg\" alt=\"Titan-manufacturer\" data-no-retina width=\"192\" height=\"142\" \/><\/a><\/span><\/div>[vc_column_text el_class=\u00a0\u00bbmin-height580&Prime;]\n<p style=\"text-align: left;\"><span style=\"font-weight: 400;\">Titan FCI fabrique une grande vari\u00e9t\u00e9 de produits de tuyauterie industrielle et commerciale, notamment des tamis de pipeline, des vannes papillon et des clapets anti-retour, des produits de protection des pompes, et bien plus encore.<\/span><\/p>\n<p style=\"text-align: left;\"><span style=\"font-weight: 400;\">La ligne de produits inclut:<\/span><\/p>\n<ul>\n<li style=\"font-weight: 400; text-align: left;\"><span style=\"font-weight: 400;\">Tamis de tous types: en Y, en T, panier, temporaire, plat et fabriqu\u00e9<\/span><\/li>\n<li style=\"font-weight: 400; text-align: left;\"><span style=\"font-weight: 400;\">Plaques d&rsquo;orifice, clapets anti-retour et vannes \u00e0 papillon<\/span><\/li>\n<\/ul>\n[\/vc_column_text][vc_column_text el_class=\u00a0\u00bbipadtop\u00a0\u00bb]\n<p style=\"text-align: center;\"><a class=\"ctamanufacture\" href=\"\/fr\/fabricants\/titan-fr\/\">Voir tous les produits de Titan<br \/>\n<\/a><\/p>\n[\/vc_column_text][\/vc_column][vc_column width=\u00a0\u00bb1\/3&Prime;]<div class=\"vcex-image vcex-module vcex-clr textcenter\"><span class=\"vcex-image-inner hvr hvr-grow\"><a href=\"\/fr\/fabricants\/bryan-donkin\/\"><img decoding=\"async\" src=\"https:\/\/norgascontrols.com\/wp-content\/uploads\/2020\/06\/5-bryan-donkin.jpg\" alt=\"Bryan-donkin\" data-no-retina width=\"192\" height=\"142\" \/><\/a><\/span><\/div>[vc_column_text el_class=\u00a0\u00bbmin-height400&Prime;]\n<p style=\"text-align: left;\"><span style=\"font-weight: 400;\">Bryan Donkin sont des experts dans la conception et la fabrication d&rsquo;\u00e9quipements de contr\u00f4le, de mesure et d&rsquo;analyse des gaz \u00e0 haute pression pour un march\u00e9 mondial.<\/span><\/p>\n<p style=\"text-align: left;\"><span style=\"font-weight: 400;\">La ligne de produits inclut:<\/span><\/p>\n<ul>\n<li style=\"font-weight: 400; text-align: left;\"><span style=\"font-weight: 400;\">R\u00e9gulateurs de service et de ligne CSA pour le gaz (avec ou sans \u00e9vent)<\/span><\/li>\n<li style=\"font-weight: 400; text-align: left;\"><span style=\"font-weight: 400;\">R\u00e9gulateurs pilot\u00e9s pour le gaz<\/span><\/li>\n<li style=\"font-weight: 400; text-align: left;\"><span style=\"font-weight: 400;\">Soupape d&rsquo;arr\u00eat de surpression<\/span><\/li>\n<\/ul>\n[\/vc_column_text][\/vc_column][\/vc_row]\n<\/div>","protected":false},"excerpt":{"rendered":"<p>[vc_row][vc_column][vc_column_text] Fabricants Norgas Controls est fier de s&rsquo;associer \u00e0 des fabricants de renomm\u00e9e mondiale pour vous fournir des \u00e9quipements de r\u00e9gulation du gaz et de mesure du gaz haut de gamme pour le march\u00e9 canadien. Nous offrons une s\u00e9lection compl\u00e8te&hellip;<\/p>\n","protected":false},"author":2,"featured_media":0,"parent":0,"menu_order":3,"comment_status":"closed","ping_status":"closed","template":"","meta":{"footnotes":""},"class_list":["post-412","page","type-page","status-publish","hentry","entry","no-media"],"_links":{"self":[{"href":"https:\/\/norgascontrols.com\/fr\/wp-json\/wp\/v2\/pages\/412","targetHints":{"allow":["GET"]}}],"collection":[{"href":"https:\/\/norgascontrols.com\/fr\/wp-json\/wp\/v2\/pages"}],"about":[{"href":"https:\/\/norgascontrols.com\/fr\/wp-json\/wp\/v2\/types\/page"}],"author":[{"embeddable":true,"href":"https:\/\/norgascontrols.com\/fr\/wp-json\/wp\/v2\/users\/2"}],"replies":[{"embeddable":true,"href":"https:\/\/norgascontrols.com\/fr\/wp-json\/wp\/v2\/comments?post=412"}],"version-history":[{"count":0,"href":"https:\/\/norgascontrols.com\/fr\/wp-json\/wp\/v2\/pages\/412\/revisions"}],"wp:attachment":[{"href":"https:\/\/norgascontrols.com\/fr\/wp-json\/wp\/v2\/media?parent=412"}],"curies":[{"name":"wp","href":"https:\/\/api.w.org\/{rel}","templated":true}]}}