{"id":418,"date":"2020-06-02T15:54:36","date_gmt":"2020-06-02T15:54:36","guid":{"rendered":"http:\/\/norgascontrols.wpengine.com\/?page_id=418"},"modified":"2020-10-21T19:42:53","modified_gmt":"2020-10-21T19:42:53","slug":"foire-aux-questions","status":"publish","type":"page","link":"https:\/\/norgascontrols.com\/fr\/soutien\/foire-aux-questions\/","title":{"rendered":"Foire aux questions"},"content":{"rendered":"<div class=\"wpb-content-wrapper\">[vc_row][vc_column][vc_column_text]\n<h1>Foire aux questions<\/h1>\n<p>Vous trouverez ci-dessous des questions fr\u00e9quemment pos\u00e9es concernant les <a href=\"https:\/\/norgascontrols.com\/fr\/produits\/regulateurs-de-gaz\/\">r\u00e9gulateurs de gaz<\/a> et les <a href=\"https:\/\/norgascontrols.com\/fr\/produits\/compteurs\/\">compteurs<\/a>.[\/vc_column_text][\/vc_column][\/vc_row][vc_row][vc_column][vc_tta_accordion style=\u00a0\u00bbflat\u00a0\u00bb c_position=\u00a0\u00bbright\u00a0\u00bb active_section=\u00a0\u00bb\u00a0\u00bb][vc_tta_section title=\u00a0\u00bbComment calcule-t-on du KPA au PSI?\u00a0\u00bb tab_id=\u00a0\u00bbkpa\u00a0\u00bb][vc_column_text]<span style=\"font-weight: 400;\">1 KPA = 0.14503773773020923 PSI<\/span>[\/vc_column_text][\/vc_tta_section][vc_tta_section title=\u00a0\u00bbComment calcule-t-on du KW au BTUs?\u00a0\u00bb tab_id=\u00a0\u00bbkw\u00a0\u00bb][vc_column_text]<span style=\"font-weight: 400;\">1 kW = 3412.142 BTU\/hr<\/span>[\/vc_column_text][\/vc_tta_section][vc_tta_section title=\u00a0\u00bbComment convertir SCFH de gaz naturel ent BTUs de propane?\u00a0\u00bb tab_id=\u00a0\u00bbscfh\u00a0\u00bb][vc_column_text]<span style=\"font-weight: 400;\">100 scfh NG x 0.63 x2520 = 158760 BTU\u2019S de propane. <\/span>[\/vc_column_text][\/vc_tta_section][vc_tta_section title=\u00a0\u00bbComment maintient-on une soupape de prise lubrifi\u00e9e?\u00a0\u00bb tab_id=\u00a0\u00bbplug-valve\u00a0\u00bb][vc_column_text]<span style=\"font-weight: 400;\">Pour aider les op\u00e9rateurs \u00e0 obtenir une dur\u00e9e de vie maximale pour les soupapes de prise lubrifi\u00e9es, voici quelques id\u00e9es :<\/span><br \/>\n<span style=\"font-weight: 400;\">1. Les prises devraient \u00eatre ajust\u00e9es suffisamment serr\u00e9es pour emp\u00eacher la prise de se d\u00e9visser, mais pas au point de n\u00e9cessiter une force excessive pour faire fonctionner la soupape.<\/span><\/p>\n<p><span style=\"font-weight: 400;\">2. La lubrification devrait se faire de fa\u00e7on p\u00e9riodique, syst\u00e9matique et avec une quantit\u00e9 convenable de lubrifiant.<\/span><\/p>\n<p><span style=\"font-weight: 400;\">3. Si le syst\u00e8me de soupape est rempli, un surplus de lubrifiant peut facilement \u00eatre forc\u00e9 entre les surfaces d\u2019appui en donnant quelques tours \u00e0 la vis. L&rsquo;\u00e9puisement de lubrifiant dans le syst\u00e8me demandera d\u2019ajouter plusieurs b\u00e2tons avant que le lubrifiant puisse \u00eatre forc\u00e9 dans l\u2019appui. Dans ce cas, le lubrifiant devrait \u00eatre ajout\u00e9 jusqu&rsquo;\u00e0 ce qu\u2019une r\u00e9sistance se fasse sentir en tournant la vis.<\/span><\/p>\n<p><span style=\"font-weight: 400;\">4. Tournez la prise l\u00e9g\u00e8rement en lubrifiant pour aider \u00e0 bien r\u00e9partir le lubrifiant et d\u00e9terminer si l&rsquo;ajustement est ad\u00e9quat. Si la soupape est lubrifi\u00e9e avec un ajustement trop faible, cela peut se r\u00e9gler en serrant alternativement l\u2019ajustement et en tournant la prise. Cela r\u00e8glera le surplus de lubrifiant et permettra \u00e0 la prise de retourner \u00e0 une position d\u2019appui convenable.<\/span><\/p>\n<p><span style=\"font-weight: 400;\">5. Au moment d&rsquo;ajouter du nouveau lubrifiant, il faut \u00e9viter toute mati\u00e8re \u00e9trang\u00e8re d\u2019entrer entre l&rsquo;espace pour le lubrifiant et la soupape.<\/span><\/p>\n<p><span style=\"font-weight: 400;\">6. <strong>IMPORTANT<\/strong> : Toujours lubrifier la soupape en position compl\u00e8tement ouverte ou compl\u00e8tement ferm\u00e9e.<\/span>[\/vc_column_text][\/vc_tta_section][vc_tta_section title=\u00a0\u00bbComment r\u00e8gle-t-on un Opco sur un Bryan Donkins?\u00a0\u00bb tab_id=\u00a0\u00bbbryan\u00a0\u00bb][vc_column_text]<a href=\"\/wp-content\/uploads\/2020\/09\/Norgas-200SD-OPCO-Installation-Points-Reset.pdf\" target=\"_blank\" rel=\"noopener noreferrer\"><span style=\"font-weight: 400;\">S\u2019il vous pla\u00eet, veuillez vous r\u00e9f\u00e9rer \u00e0 ce PDF (En anglais seulement).<\/span><\/a>[\/vc_column_text][\/vc_tta_section][vc_tta_section title=\u00a0\u00bbQuelle est l\u2019importance de la dimension du tuyau lorsqu\u2019il s\u2019agit de la r\u00e9gulation et de la chute de pression?\u00a0\u00bb tab_id=\u00a0\u00bbregulation-and-pressure-drop\u00a0\u00bb][vc_column_text]<span style=\"font-weight: 400;\">Au gaz de basse pression (c&rsquo;est-\u00e0-dire \u00e0 7\u201d WC), c&rsquo;est tr\u00e8s important. Il faut toujours dimensionner le r\u00e9gulateur en fonction de la taille du tuyau de sortie pour r\u00e9duire les restrictions.<\/span><\/p>\n<p>D\u00e9bit maximum recommand\u00e9 sans ajouter de perte de charge suppl\u00e9mentaire \u00e0 basse pression :<\/p>\n<ul>\n<li style=\"font-weight: 400;\"><span style=\"font-weight: 400;\">600 scfh sur une ligne de \u00be\u201d<\/span><\/li>\n<li style=\"font-weight: 400;\"><span style=\"font-weight: 400;\">1200 scfh sur une ligne de 1\u201d<\/span><\/li>\n<li style=\"font-weight: 400;\"><span style=\"font-weight: 400;\">2500 scfh sur une ligne de 1-1\/4\u201d<\/span><\/li>\n<li style=\"font-weight: 400;\"><span style=\"font-weight: 400;\">7500 scfh sur une ligne de 1-1\/2\u201d<\/span><\/li>\n<li style=\"font-weight: 400;\"><span style=\"font-weight: 400;\">D\u00e9pendra du r\u00e9gulateur s\u00e9lectionn\u00e9 sur une ligne de 2\u201d<\/span><\/li>\n<\/ul>\n[\/vc_column_text][\/vc_tta_section][vc_tta_section title=\u00a0\u00bbQue signifie \u00abLOCK-UP\u00bb en parlant des r\u00e9gulateurs?\u00a0\u00bb tab_id=\u00a0\u00bblock-up\u00a0\u00bb][vc_column_text]<span style=\"font-weight: 400;\">Un r\u00e9gulateur \u00ablock-up\u00bb est un r\u00e9gulateur qui a fait mettre la pression de son d\u00e9bit pendant que le gaz coule et que l&rsquo;\u00e9coulement s&rsquo;est subitement arr\u00eat\u00e9. Une petite augmentation dans la pression du d\u00e9bit (lock-up) se produira avant que le si\u00e8ge du r\u00e9gulateur se ferme compl\u00e8tement sur l&rsquo;orifice. Plus la serrure (lock-up) est basse, plus la performance du r\u00e9gulateur est maximis\u00e9e.<\/span>[\/vc_column_text][\/vc_tta_section][vc_tta_section title=\u00a0\u00bbQu\u2019est-ce qu\u2019une chute de pression?\u00a0\u00bb tab_id=\u00a0\u00bbpressure-drop\u00a0\u00bb][vc_column_text]<span style=\"font-weight: 400;\">Tous les r\u00e9gulateurs ont une chute de pression du d\u00e9bit avec un taux d\u2019\u00e9coulement accru. Plus s\u2019accroissent les plus petites chutes de d\u00e9bit, meilleure est la performance.<\/span>[\/vc_column_text][\/vc_tta_section][vc_tta_section title=\u00a0\u00bbQu\u2019est-ce que\u2019un PRV?\u00a0\u00bb tab_id=\u00a0\u00bbprv\u00a0\u00bb][vc_column_text]<span style=\"font-weight: 400;\">Une soupape de r\u00e9duction de pression.<\/span>[\/vc_column_text][\/vc_tta_section][vc_tta_section title=\u00a0\u00bbQu\u2019elle est la diff\u00e9rence entre MBH et SCFH?\u00a0\u00bb tab_id=\u00a0\u00bbmbh\u00a0\u00bb][vc_column_text]<span style=\"font-weight: 400;\">1000 BTU\/hr exigent 1 pied cube par hr (1 CFH)<\/span><\/p>\n<p><span style=\"font-weight: 400;\">1MBH = 1000 BTU\/hr = 1 CFH<\/span>[\/vc_column_text][\/vc_tta_section][vc_tta_section title=\u00a0\u00bbPourquoi mon compteur a-t-il besoin d\u2019un sceau de mesure Canada?\u00a0\u00bb tab_id=\u00a0\u00bbmy-meter\u00a0\u00bb][vc_column_text]<span style=\"font-weight: 400;\">Si le propri\u00e9taire du compteur facture l&rsquo;utilisateur, le compteur doit \u00eatre certifi\u00e9 par Mesure Canada. Ce n&rsquo;est pas n\u00e9cessaire si le propri\u00e9taire proc\u00e8de \u00e0 un sous-comptage.<\/span>[\/vc_column_text][\/vc_tta_section][\/vc_tta_accordion][\/vc_column][\/vc_row]\n<\/div>","protected":false},"excerpt":{"rendered":"<p>[vc_row][vc_column][vc_column_text] Foire aux questions Vous trouverez ci-dessous des questions fr\u00e9quemment pos\u00e9es concernant les r\u00e9gulateurs de gaz et les compteurs.[\/vc_column_text][\/vc_column][\/vc_row][vc_row][vc_column][vc_tta_accordion style=\u00a0\u00bbflat\u00a0\u00bb c_position=\u00a0\u00bbright\u00a0\u00bb active_section=\u00a0\u00bb\u00a0\u00bb][vc_tta_section title=\u00a0\u00bbComment calcule-t-on du KPA au PSI?\u00a0\u00bb tab_id=\u00a0\u00bbkpa\u00a0\u00bb][vc_column_text]1 KPA = 0.14503773773020923 PSI[\/vc_column_text][\/vc_tta_section][vc_tta_section title=\u00a0\u00bbComment calcule-t-on du KW au BTUs?\u00a0\u00bb tab_id=\u00a0\u00bbkw\u00a0\u00bb][vc_column_text]1&hellip;<\/p>\n","protected":false},"author":2,"featured_media":0,"parent":1248,"menu_order":0,"comment_status":"closed","ping_status":"closed","template":"","meta":{"footnotes":""},"class_list":["post-418","page","type-page","status-publish","hentry","entry","no-media"],"_links":{"self":[{"href":"https:\/\/norgascontrols.com\/fr\/wp-json\/wp\/v2\/pages\/418","targetHints":{"allow":["GET"]}}],"collection":[{"href":"https:\/\/norgascontrols.com\/fr\/wp-json\/wp\/v2\/pages"}],"about":[{"href":"https:\/\/norgascontrols.com\/fr\/wp-json\/wp\/v2\/types\/page"}],"author":[{"embeddable":true,"href":"https:\/\/norgascontrols.com\/fr\/wp-json\/wp\/v2\/users\/2"}],"replies":[{"embeddable":true,"href":"https:\/\/norgascontrols.com\/fr\/wp-json\/wp\/v2\/comments?post=418"}],"version-history":[{"count":0,"href":"https:\/\/norgascontrols.com\/fr\/wp-json\/wp\/v2\/pages\/418\/revisions"}],"up":[{"embeddable":true,"href":"https:\/\/norgascontrols.com\/fr\/wp-json\/wp\/v2\/pages\/1248"}],"wp:attachment":[{"href":"https:\/\/norgascontrols.com\/fr\/wp-json\/wp\/v2\/media?parent=418"}],"curies":[{"name":"wp","href":"https:\/\/api.w.org\/{rel}","templated":true}]}}